{"id":22129,"date":"2021-11-11T13:34:47","date_gmt":"2021-11-11T11:34:47","guid":{"rendered":"https:\/\/www.acquasource.gr\/product\/froysia-stirixis-perimetrikis-koypastis\/"},"modified":"2023-05-19T11:30:18","modified_gmt":"2023-05-19T08:30:18","slug":"handrail-support-amp-amp-connection-fittings","status":"publish","type":"product","link":"https:\/\/www.acquasource.gr\/en\/product\/handrail-support-amp-amp-connection-fittings\/","title":{"rendered":"Handrail support &amp; connection fittings"},"content":{"rendered":"","protected":false},"excerpt":{"rendered":"Support connection fittings for perimeter handrail.\r\n\r\nSupport fittings made of AISI-316 stainless steel material with a mat or shiny polished surface, in different pipe sizes such as \u00d8 32.4mm, \u00d8 38.2mm and \u00d8 42.0mm suitable for the equivalent sizes of the handrails.\r\n\r\nThey are produced with open ends to fit and hug the handrail across its length, or they come with one side-end closed to seal the handrail\u2019s ends.\r\n\r\nThe supports are supplied complete with one pair of stainless steel screws and plastic upat-connections for their installation on the concrete.","protected":false},"featured_media":8802,"template":"","meta":{"_relevanssi_hide_post":"","_relevanssi_hide_content":"","_relevanssi_pin_for_all":"","_relevanssi_pin_keywords":"","_relevanssi_unpin_keywords":"","_relevanssi_related_keywords":"","_relevanssi_related_include_ids":"","_relevanssi_related_exclude_ids":"","_relevanssi_related_no_append":"","_relevanssi_related_not_related":"","_relevanssi_related_posts":"","_relevanssi_noindex_reason":""},"product_brand":[],"product_cat":[12779,8009],"product_tag":[],"class_list":{"0":"post-22129","1":"product","2":"type-product","3":"status-publish","4":"has-post-thumbnail","6":"product_cat-grab-rails-amp-support-fittings","7":"product_cat-pool-equipment","9":"first","10":"instock","11":"shipping-taxable","12":"purchasable","13":"product-type-variable"},"acf":[],"yoast_head":"<!-- This site is optimized with the Yoast SEO plugin v27.3 - https:\/\/yoast.com\/product\/yoast-seo-wordpress\/ -->\n<title>Handrail support &amp; connection fittings - Acqua Source<\/title>\n<meta name=\"description\" content=\"Support connection fittings for perimeter handrail.  Support fittings made of AISI-316 stainless steel material with a mat or shiny polished surface, in different pipe sizes such as \u00d8 32.4mm, \u00d8 38.2mm and \u00d8 42.0mm suitable for the equivalent sizes of the handrails.  They are produced with open ends to fit and hug the handrail across its length, or they come with one side-end closed to seal the handrail\u2019s ends.  The supports are supplied complete with one pair of stainless steel screws and plastic upat-connections for their installation on the concrete.\" \/>\n<meta name=\"robots\" content=\"index, follow, max-snippet:-1, max-image-preview:large, max-video-preview:-1\" \/>\n<link rel=\"canonical\" href=\"https:\/\/www.acquasource.gr\/en\/product\/handrail-support-amp-amp-connection-fittings\/\" \/>\n<meta property=\"og:locale\" content=\"en_US\" \/>\n<meta property=\"og:type\" content=\"article\" \/>\n<meta property=\"og:title\" content=\"Handrail support &amp; connection fittings - Acqua Source\" \/>\n<meta property=\"og:description\" content=\"Support connection fittings for perimeter handrail.  Support fittings made of AISI-316 stainless steel material with a mat or shiny polished surface, in different pipe sizes such as \u00d8 32.4mm, \u00d8 38.2mm and \u00d8 42.0mm suitable for the equivalent sizes of the handrails.  They are produced with open ends to fit and hug the handrail across its length, or they come with one side-end closed to seal the handrail\u2019s ends.  The supports are supplied complete with one pair of stainless steel screws and plastic upat-connections for their installation on the concrete.\" \/>\n<meta property=\"og:url\" content=\"https:\/\/www.acquasource.gr\/en\/product\/handrail-support-amp-amp-connection-fittings\/\" \/>\n<meta property=\"og:site_name\" content=\"Acqua Source\" \/>\n<meta property=\"article:modified_time\" content=\"2023-05-19T08:30:18+00:00\" \/>\n<meta property=\"og:image\" content=\"https:\/\/www.acquasource.gr\/wp-content\/uploads\/2021\/11\/sfmsfs-acquasource.png\" \/>\n\t<meta property=\"og:image:width\" content=\"2500\" \/>\n\t<meta property=\"og:image:height\" content=\"2500\" \/>\n\t<meta property=\"og:image:type\" content=\"image\/png\" \/>\n<meta name=\"twitter:card\" content=\"summary_large_image\" \/>\n<script type=\"application\/ld+json\" class=\"yoast-schema-graph\">{\"@context\":\"https:\\\/\\\/schema.org\",\"@graph\":[{\"@type\":\"WebPage\",\"@id\":\"https:\\\/\\\/www.acquasource.gr\\\/en\\\/product\\\/handrail-support-amp-amp-connection-fittings\\\/\",\"url\":\"https:\\\/\\\/www.acquasource.gr\\\/en\\\/product\\\/handrail-support-amp-amp-connection-fittings\\\/\",\"name\":\"Handrail support &amp; connection fittings - Acqua Source\",\"isPartOf\":{\"@id\":\"http:\\\/\\\/www.acquasource.gr\\\/#website\"},\"primaryImageOfPage\":{\"@id\":\"https:\\\/\\\/www.acquasource.gr\\\/en\\\/product\\\/handrail-support-amp-amp-connection-fittings\\\/#primaryimage\"},\"image\":{\"@id\":\"https:\\\/\\\/www.acquasource.gr\\\/en\\\/product\\\/handrail-support-amp-amp-connection-fittings\\\/#primaryimage\"},\"thumbnailUrl\":\"https:\\\/\\\/www.acquasource.gr\\\/wp-content\\\/uploads\\\/2021\\\/11\\\/sfmsfs-acquasource.png\",\"datePublished\":\"2021-11-11T11:34:47+00:00\",\"dateModified\":\"2023-05-19T08:30:18+00:00\",\"description\":\"Support connection fittings for perimeter handrail. Support fittings made of AISI-316 stainless steel material with a mat or shiny polished surface, in different pipe sizes such as \u00d8 32.4mm, \u00d8 38.2mm and \u00d8 42.0mm suitable for the equivalent sizes of the handrails. They are produced with open ends to fit and hug the handrail across its length, or they come with one side-end closed to seal the handrail\u2019s ends. The supports are supplied complete with one pair of stainless steel screws and plastic upat-connections for their installation on the concrete.\",\"breadcrumb\":{\"@id\":\"https:\\\/\\\/www.acquasource.gr\\\/en\\\/product\\\/handrail-support-amp-amp-connection-fittings\\\/#breadcrumb\"},\"inLanguage\":\"en-US\",\"potentialAction\":[{\"@type\":\"ReadAction\",\"target\":[\"https:\\\/\\\/www.acquasource.gr\\\/en\\\/product\\\/handrail-support-amp-amp-connection-fittings\\\/\"]}]},{\"@type\":\"ImageObject\",\"inLanguage\":\"en-US\",\"@id\":\"https:\\\/\\\/www.acquasource.gr\\\/en\\\/product\\\/handrail-support-amp-amp-connection-fittings\\\/#primaryimage\",\"url\":\"https:\\\/\\\/www.acquasource.gr\\\/wp-content\\\/uploads\\\/2021\\\/11\\\/sfmsfs-acquasource.png\",\"contentUrl\":\"https:\\\/\\\/www.acquasource.gr\\\/wp-content\\\/uploads\\\/2021\\\/11\\\/sfmsfs-acquasource.png\",\"width\":1080,\"height\":1080},{\"@type\":\"BreadcrumbList\",\"@id\":\"https:\\\/\\\/www.acquasource.gr\\\/en\\\/product\\\/handrail-support-amp-amp-connection-fittings\\\/#breadcrumb\",\"itemListElement\":[{\"@type\":\"ListItem\",\"position\":1,\"name\":\"Home\",\"item\":\"https:\\\/\\\/www.acquasource.gr\\\/en\\\/\"},{\"@type\":\"ListItem\",\"position\":2,\"name\":\"Shop\",\"item\":\"https:\\\/\\\/www.acquasource.gr\\\/en\\\/shop-2\\\/\"},{\"@type\":\"ListItem\",\"position\":3,\"name\":\"\u0395\u039e\u039f\u03a0\u039b\u0399\u03a3\u039c\u039f\u03a3 \u03a0\u0399\u03a3\u0399\u039d\u0391\u03a3\",\"item\":\"https:\\\/\\\/www.acquasource.gr\\\/product-category\\\/eksoplismos-pisinas\\\/\"},{\"@type\":\"ListItem\",\"position\":4,\"name\":\"Handrail support &amp; connection fittings\"}]},{\"@type\":\"WebSite\",\"@id\":\"http:\\\/\\\/www.acquasource.gr\\\/#website\",\"url\":\"http:\\\/\\\/www.acquasource.gr\\\/\",\"name\":\"Acqua Source\",\"description\":\"\",\"publisher\":{\"@id\":\"http:\\\/\\\/www.acquasource.gr\\\/#organization\"},\"potentialAction\":[{\"@type\":\"SearchAction\",\"target\":{\"@type\":\"EntryPoint\",\"urlTemplate\":\"http:\\\/\\\/www.acquasource.gr\\\/?s={search_term_string}\"},\"query-input\":{\"@type\":\"PropertyValueSpecification\",\"valueRequired\":true,\"valueName\":\"search_term_string\"}}],\"inLanguage\":\"en-US\"},{\"@type\":\"Organization\",\"@id\":\"http:\\\/\\\/www.acquasource.gr\\\/#organization\",\"name\":\"Acqua Source\",\"url\":\"http:\\\/\\\/www.acquasource.gr\\\/\",\"logo\":{\"@type\":\"ImageObject\",\"inLanguage\":\"en-US\",\"@id\":\"http:\\\/\\\/www.acquasource.gr\\\/#\\\/schema\\\/logo\\\/image\\\/\",\"url\":\"https:\\\/\\\/www.acquasource.gr\\\/wp-content\\\/uploads\\\/2021\\\/08\\\/acquasource-logo-100x32-2.png\",\"contentUrl\":\"https:\\\/\\\/www.acquasource.gr\\\/wp-content\\\/uploads\\\/2021\\\/08\\\/acquasource-logo-100x32-2.png\",\"width\":100,\"height\":32,\"caption\":\"Acqua Source\"},\"image\":{\"@id\":\"http:\\\/\\\/www.acquasource.gr\\\/#\\\/schema\\\/logo\\\/image\\\/\"}}]}<\/script>\n<!-- \/ Yoast SEO plugin. -->","yoast_head_json":{"title":"Handrail support &amp; connection fittings - Acqua Source","description":"Support connection fittings for perimeter handrail.  Support fittings made of AISI-316 stainless steel material with a mat or shiny polished surface, in different pipe sizes such as \u00d8 32.4mm, \u00d8 38.2mm and \u00d8 42.0mm suitable for the equivalent sizes of the handrails.  They are produced with open ends to fit and hug the handrail across its length, or they come with one side-end closed to seal the handrail\u2019s ends.  The supports are supplied complete with one pair of stainless steel screws and plastic upat-connections for their installation on the concrete.","robots":{"index":"index","follow":"follow","max-snippet":"max-snippet:-1","max-image-preview":"max-image-preview:large","max-video-preview":"max-video-preview:-1"},"canonical":"https:\/\/www.acquasource.gr\/en\/product\/handrail-support-amp-amp-connection-fittings\/","og_locale":"en_US","og_type":"article","og_title":"Handrail support &amp; connection fittings - Acqua Source","og_description":"Support connection fittings for perimeter handrail.  Support fittings made of AISI-316 stainless steel material with a mat or shiny polished surface, in different pipe sizes such as \u00d8 32.4mm, \u00d8 38.2mm and \u00d8 42.0mm suitable for the equivalent sizes of the handrails.  They are produced with open ends to fit and hug the handrail across its length, or they come with one side-end closed to seal the handrail\u2019s ends.  The supports are supplied complete with one pair of stainless steel screws and plastic upat-connections for their installation on the concrete.","og_url":"https:\/\/www.acquasource.gr\/en\/product\/handrail-support-amp-amp-connection-fittings\/","og_site_name":"Acqua Source","article_modified_time":"2023-05-19T08:30:18+00:00","og_image":[{"width":2500,"height":2500,"url":"https:\/\/www.acquasource.gr\/wp-content\/uploads\/2021\/11\/sfmsfs-acquasource.png","type":"image\/png"}],"twitter_card":"summary_large_image","schema":{"@context":"https:\/\/schema.org","@graph":[{"@type":"WebPage","@id":"https:\/\/www.acquasource.gr\/en\/product\/handrail-support-amp-amp-connection-fittings\/","url":"https:\/\/www.acquasource.gr\/en\/product\/handrail-support-amp-amp-connection-fittings\/","name":"Handrail support &amp; connection fittings - Acqua Source","isPartOf":{"@id":"http:\/\/www.acquasource.gr\/#website"},"primaryImageOfPage":{"@id":"https:\/\/www.acquasource.gr\/en\/product\/handrail-support-amp-amp-connection-fittings\/#primaryimage"},"image":{"@id":"https:\/\/www.acquasource.gr\/en\/product\/handrail-support-amp-amp-connection-fittings\/#primaryimage"},"thumbnailUrl":"https:\/\/www.acquasource.gr\/wp-content\/uploads\/2021\/11\/sfmsfs-acquasource.png","datePublished":"2021-11-11T11:34:47+00:00","dateModified":"2023-05-19T08:30:18+00:00","description":"Support connection fittings for perimeter handrail. Support fittings made of AISI-316 stainless steel material with a mat or shiny polished surface, in different pipe sizes such as \u00d8 32.4mm, \u00d8 38.2mm and \u00d8 42.0mm suitable for the equivalent sizes of the handrails. They are produced with open ends to fit and hug the handrail across its length, or they come with one side-end closed to seal the handrail\u2019s ends. The supports are supplied complete with one pair of stainless steel screws and plastic upat-connections for their installation on the concrete.","breadcrumb":{"@id":"https:\/\/www.acquasource.gr\/en\/product\/handrail-support-amp-amp-connection-fittings\/#breadcrumb"},"inLanguage":"en-US","potentialAction":[{"@type":"ReadAction","target":["https:\/\/www.acquasource.gr\/en\/product\/handrail-support-amp-amp-connection-fittings\/"]}]},{"@type":"ImageObject","inLanguage":"en-US","@id":"https:\/\/www.acquasource.gr\/en\/product\/handrail-support-amp-amp-connection-fittings\/#primaryimage","url":"https:\/\/www.acquasource.gr\/wp-content\/uploads\/2021\/11\/sfmsfs-acquasource.png","contentUrl":"https:\/\/www.acquasource.gr\/wp-content\/uploads\/2021\/11\/sfmsfs-acquasource.png","width":1080,"height":1080},{"@type":"BreadcrumbList","@id":"https:\/\/www.acquasource.gr\/en\/product\/handrail-support-amp-amp-connection-fittings\/#breadcrumb","itemListElement":[{"@type":"ListItem","position":1,"name":"Home","item":"https:\/\/www.acquasource.gr\/en\/"},{"@type":"ListItem","position":2,"name":"Shop","item":"https:\/\/www.acquasource.gr\/en\/shop-2\/"},{"@type":"ListItem","position":3,"name":"\u0395\u039e\u039f\u03a0\u039b\u0399\u03a3\u039c\u039f\u03a3 \u03a0\u0399\u03a3\u0399\u039d\u0391\u03a3","item":"https:\/\/www.acquasource.gr\/product-category\/eksoplismos-pisinas\/"},{"@type":"ListItem","position":4,"name":"Handrail support &amp; connection fittings"}]},{"@type":"WebSite","@id":"http:\/\/www.acquasource.gr\/#website","url":"http:\/\/www.acquasource.gr\/","name":"Acqua Source","description":"","publisher":{"@id":"http:\/\/www.acquasource.gr\/#organization"},"potentialAction":[{"@type":"SearchAction","target":{"@type":"EntryPoint","urlTemplate":"http:\/\/www.acquasource.gr\/?s={search_term_string}"},"query-input":{"@type":"PropertyValueSpecification","valueRequired":true,"valueName":"search_term_string"}}],"inLanguage":"en-US"},{"@type":"Organization","@id":"http:\/\/www.acquasource.gr\/#organization","name":"Acqua Source","url":"http:\/\/www.acquasource.gr\/","logo":{"@type":"ImageObject","inLanguage":"en-US","@id":"http:\/\/www.acquasource.gr\/#\/schema\/logo\/image\/","url":"https:\/\/www.acquasource.gr\/wp-content\/uploads\/2021\/08\/acquasource-logo-100x32-2.png","contentUrl":"https:\/\/www.acquasource.gr\/wp-content\/uploads\/2021\/08\/acquasource-logo-100x32-2.png","width":100,"height":32,"caption":"Acqua Source"},"image":{"@id":"http:\/\/www.acquasource.gr\/#\/schema\/logo\/image\/"}}]}},"_links":{"self":[{"href":"https:\/\/www.acquasource.gr\/en\/wp-json\/wp\/v2\/product\/22129","targetHints":{"allow":["GET"]}}],"collection":[{"href":"https:\/\/www.acquasource.gr\/en\/wp-json\/wp\/v2\/product"}],"about":[{"href":"https:\/\/www.acquasource.gr\/en\/wp-json\/wp\/v2\/types\/product"}],"wp:featuredmedia":[{"embeddable":true,"href":"https:\/\/www.acquasource.gr\/en\/wp-json\/wp\/v2\/media\/8802"}],"wp:attachment":[{"href":"https:\/\/www.acquasource.gr\/en\/wp-json\/wp\/v2\/media?parent=22129"}],"wp:term":[{"taxonomy":"product_brand","embeddable":true,"href":"https:\/\/www.acquasource.gr\/en\/wp-json\/wp\/v2\/product_brand?post=22129"},{"taxonomy":"product_cat","embeddable":true,"href":"https:\/\/www.acquasource.gr\/en\/wp-json\/wp\/v2\/product_cat?post=22129"},{"taxonomy":"product_tag","embeddable":true,"href":"https:\/\/www.acquasource.gr\/en\/wp-json\/wp\/v2\/product_tag?post=22129"}],"curies":[{"name":"wp","href":"https:\/\/api.w.org\/{rel}","templated":true}]}}